{"id":138,"date":"2022-10-22T13:23:39","date_gmt":"2022-10-22T13:23:39","guid":{"rendered":"https:\/\/pazymisericordia.com\/?page_id=138"},"modified":"2025-11-29T09:00:51","modified_gmt":"2025-11-29T09:00:51","slug":"contacto","status":"publish","type":"page","link":"https:\/\/pazymisericordia.com\/index.php\/contacto\/","title":{"rendered":"Contacto"},"content":{"rendered":"<p>Si tienes cualquier duda o sugerencia, puedes ponerte en contacto con las diferentes \u00e1reas de nuestra Agrupaci\u00f3n a trav\u00e9s de los siguientes correos:<\/p>\n<p><strong>Vicepresidencia<\/strong>: <a href=\"mailto:hermanomayor@pazymisericordia.com\">hermanomayor@pazymisericordia.com<\/a><\/p>\n<p><strong>Secretar\u00eda<\/strong>: <a href=\"mailto:secretaria@pazymisericordia.com\">secretaria@pazymisericordia.com<\/a><\/p>\n<p><strong>Mayordom\u00eda<\/strong>: <a href=\"mailto:mayordomia@pazymisericordia.com\">mayordomia@pazymisericordia.com<\/a><\/p>\n<p><strong>Juventud<\/strong>: <a href=\"mailto:juventud@pazymisericordia.com\">juventud@pazymisericordia.com<\/a><\/p>\n<p><strong>Caridad<\/strong>: <a href=\"mailto:caridad@pazymisericordia.com\">caridad@pazymisericordia.com<\/a><\/p>\n","protected":false},"excerpt":{"rendered":"<p>Si tienes cualquier duda o sugerencia, puedes ponerte en contacto con las diferentes \u00e1reas de nuestra Agrupaci\u00f3n a trav\u00e9s de [&hellip;]<\/p>\n","protected":false},"author":2,"featured_media":0,"parent":0,"menu_order":10,"comment_status":"closed","ping_status":"closed","template":"","meta":{"site-sidebar-layout":"default","site-content-layout":"","ast-site-content-layout":"default","site-content-style":"default","site-sidebar-style":"default","ast-global-header-display":"","ast-banner-title-visibility":"","ast-main-header-display":"","ast-hfb-above-header-display":"","ast-hfb-below-header-display":"","ast-hfb-mobile-header-display":"","site-post-title":"","ast-breadcrumbs-content":"","ast-featured-img":"","footer-sml-layout":"","ast-disable-related-posts":"","theme-transparent-header-meta":"","adv-header-id-meta":"","stick-header-meta":"","header-above-stick-meta":"","header-main-stick-meta":"","header-below-stick-meta":"","astra-migrate-meta-layouts":"default","ast-page-background-enabled":"default","ast-page-background-meta":{"desktop":{"background-color":"var(--ast-global-color-5)","background-image":"","background-repeat":"repeat","background-position":"center center","background-size":"auto","background-attachment":"scroll","background-type":"","background-media":"","overlay-type":"","overlay-color":"","overlay-opacity":"","overlay-gradient":""},"tablet":{"background-color":"","background-image":"","background-repeat":"repeat","background-position":"center center","background-size":"auto","background-attachment":"scroll","background-type":"","background-media":"","overlay-type":"","overlay-color":"","overlay-opacity":"","overlay-gradient":""},"mobile":{"background-color":"","background-image":"","background-repeat":"repeat","background-position":"center center","background-size":"auto","background-attachment":"scroll","background-type":"","background-media":"","overlay-type":"","overlay-color":"","overlay-opacity":"","overlay-gradient":""}},"ast-content-background-meta":{"desktop":{"background-color":"var(--ast-global-color-4)","background-image":"","background-repeat":"repeat","background-position":"center center","background-size":"auto","background-attachment":"scroll","background-type":"","background-media":"","overlay-type":"","overlay-color":"","overlay-opacity":"","overlay-gradient":""},"tablet":{"background-color":"var(--ast-global-color-4)","background-image":"","background-repeat":"repeat","background-position":"center center","background-size":"auto","background-attachment":"scroll","background-type":"","background-media":"","overlay-type":"","overlay-color":"","overlay-opacity":"","overlay-gradient":""},"mobile":{"background-color":"var(--ast-global-color-4)","background-image":"","background-repeat":"repeat","background-position":"center center","background-size":"auto","background-attachment":"scroll","background-type":"","background-media":"","overlay-type":"","overlay-color":"","overlay-opacity":"","overlay-gradient":""}},"_joinchat":[],"footnotes":""},"class_list":["post-138","page","type-page","status-publish","hentry"],"jetpack_sharing_enabled":true,"_links":{"self":[{"href":"https:\/\/pazymisericordia.com\/index.php\/wp-json\/wp\/v2\/pages\/138","targetHints":{"allow":["GET"]}}],"collection":[{"href":"https:\/\/pazymisericordia.com\/index.php\/wp-json\/wp\/v2\/pages"}],"about":[{"href":"https:\/\/pazymisericordia.com\/index.php\/wp-json\/wp\/v2\/types\/page"}],"author":[{"embeddable":true,"href":"https:\/\/pazymisericordia.com\/index.php\/wp-json\/wp\/v2\/users\/2"}],"replies":[{"embeddable":true,"href":"https:\/\/pazymisericordia.com\/index.php\/wp-json\/wp\/v2\/comments?post=138"}],"version-history":[{"count":3,"href":"https:\/\/pazymisericordia.com\/index.php\/wp-json\/wp\/v2\/pages\/138\/revisions"}],"predecessor-version":[{"id":2499,"href":"https:\/\/pazymisericordia.com\/index.php\/wp-json\/wp\/v2\/pages\/138\/revisions\/2499"}],"wp:attachment":[{"href":"https:\/\/pazymisericordia.com\/index.php\/wp-json\/wp\/v2\/media?parent=138"}],"curies":[{"name":"wp","href":"https:\/\/api.w.org\/{rel}","templated":true}]}}