{"id":26,"date":"2021-02-04T11:44:52","date_gmt":"2021-02-04T11:44:52","guid":{"rendered":"https:\/\/pazymisericordia.com\/?page_id=26"},"modified":"2022-10-22T13:37:44","modified_gmt":"2022-10-22T13:37:44","slug":"historia","status":"publish","type":"page","link":"https:\/\/pazymisericordia.com\/index.php\/historia\/","title":{"rendered":"Historia"},"content":{"rendered":"<p style=\"text-align: center;\"><strong>HISTORIA<\/strong><\/p>\n<p style=\"text-align: justify;\">Este grupo, nace en el seno de la Parroquia de San Luis y San Fernando de Rochelambert, siendo este, un joven barrio de la ciudad de Sevilla. Inicialmente se crean dos parroquias en 1970, con la idea de dar amparo a cada parte del barrio, dividi\u00e9ndolo por la calle Puerto del Escudo, creando la Parroquia de San Luis de los franceses hacia Amate y San Fernando hacia el Cerro. La unificaci\u00f3n no llega hasta 1994, aunque f\u00edsicamente compart\u00edan dependencias desde el inicio en un piso de la calle Puerto de Jumilla. El Templo actual se bendice el 20 de octubre de 1980, siempre bajo el amparo y esfuerzo de todos sus vecinos. Una vez se va acondicionando sus estancias, se hace patente el compromiso de realizar una imagen de Cristo que ocupe el Altar mayor de la Parroquia, ya que este, estaba siendo ocupado por la peque\u00f1a talla de la Inmaculada Concepci\u00f3n de Mar\u00eda. Despu\u00e9s de analizar las distintas opciones que se ten\u00edan, se determina realizar el encargo al joven y prometedor imaginero D. Juan Manuel Mi\u00f1arro L\u00f3pez, realizando este, la portentosa talla del Stmo. Cristo de la Paz, que le sirve a su vez, para presentar su tesis doctoral. Esto sucede en el a\u00f1o de 1984, siendo bendecido al a\u00f1o siguiente.<\/p>\n<p style=\"text-align: justify;\"><img fetchpriority=\"high\" decoding=\"async\" class=\"alignnone wp-image-56 size-full\" src=\"https:\/\/pazymisericordia.com\/wp-content\/uploads\/2021\/02\/72982371_764141204015284_8313571639983865856_o.jpg\" alt=\"\" width=\"1200\" height=\"1600\" srcset=\"https:\/\/pazymisericordia.com\/wp-content\/uploads\/2021\/02\/72982371_764141204015284_8313571639983865856_o.jpg 1200w, https:\/\/pazymisericordia.com\/wp-content\/uploads\/2021\/02\/72982371_764141204015284_8313571639983865856_o-225x300.jpg 225w, https:\/\/pazymisericordia.com\/wp-content\/uploads\/2021\/02\/72982371_764141204015284_8313571639983865856_o-768x1024.jpg 768w, https:\/\/pazymisericordia.com\/wp-content\/uploads\/2021\/02\/72982371_764141204015284_8313571639983865856_o-1152x1536.jpg 1152w\" sizes=\"(max-width: 1200px) 100vw, 1200px\" \/> Es all\u00e1 por el a\u00f1o 1995, cuando un grupo de j\u00f3venes integrantes de la Parroquia, sienten la necesidad pastoral de promover la devoci\u00f3n al Stmo. Cristo de la Paz, realizando para ello un viacrucis extraordinario aprovechando el X aniversario de la Bendici\u00f3n del Stmo. Cristo. Es este, el punto de inflexi\u00f3n por el cual se crea el Grupo de Religiosidad Popular y Liturgia que, a partir de ese momento, se encarga de organizar anualmente un Quinario y viacrucis al Stmo. Cristo de la Paz, una Novena, Rosario de la Aurora y vigilia a la Inmaculada Concepci\u00f3n de Mar\u00eda, as\u00ed como otros actos a los titulares de la Parroquia, adem\u00e1s de las labores relacionadas con la religiosidad popular. El Grupo va madurando e incluyendo, no solo a los j\u00f3venes, sino a otros miembros de la comunidad parroquial d\u00e1ndole la solidez y estabilidad necesaria para su crecimiento. Es, en este momento, cuando se decide organizar la procesi\u00f3n del Stmo. Sacramento por las calles de la feligres\u00eda bajo palio.<\/p>\n<p style=\"text-align: justify;\">A finales de 1999, se detectan problemas de estructura en la imagen de la Inmaculada Concepci\u00f3n de Mar\u00eda, lo que hace plantearse la necesidad de realizar una nueva imagen mariana, siendo en el a\u00f1o 2000 cuando, despu\u00e9s de crear una comisi\u00f3n que estudia de manera pormenorizada todas las posibilidades, se decide comprar una imagen dolorosa que ten\u00eda en su taller el afamado imaginero D. Luis \u00c1lvarez Duarte. Tras su llegada al templo, se bendice el 18 de diciembre con el nombre de Ntra. Sra. de la Misericordia. Es a partir de este momento cuando el Grupo Parroquial toma, de manera irreversible, una relevancia principal dentro de la Parroquia, encarg\u00e1ndose de organizar Novena y Vigilia a la Inmaculada Concepci\u00f3n, Quinario, besapies y Viacrucis al Stmo. Cristo de la Paz, Triduo, besamanos y Rosario a Ntra. Sra. de la Misericordia, Triduo y Funci\u00f3n Solemne a San Fernando y a San Luis y la procesi\u00f3n del Corpus Christi bajo palio.<\/p>\n<p style=\"text-align: justify;\"><img decoding=\"async\" class=\"alignnone wp-image-54 size-full\" src=\"https:\/\/pazymisericordia.com\/wp-content\/uploads\/2021\/02\/70909549_742876719475066_1405059857526030336_o.jpg\" alt=\"\" width=\"1440\" height=\"960\" srcset=\"https:\/\/pazymisericordia.com\/wp-content\/uploads\/2021\/02\/70909549_742876719475066_1405059857526030336_o.jpg 1440w, https:\/\/pazymisericordia.com\/wp-content\/uploads\/2021\/02\/70909549_742876719475066_1405059857526030336_o-300x200.jpg 300w, https:\/\/pazymisericordia.com\/wp-content\/uploads\/2021\/02\/70909549_742876719475066_1405059857526030336_o-1024x683.jpg 1024w, https:\/\/pazymisericordia.com\/wp-content\/uploads\/2021\/02\/70909549_742876719475066_1405059857526030336_o-768x512.jpg 768w\" sizes=\"(max-width: 1440px) 100vw, 1440px\" \/><\/p>\n<p style=\"text-align: justify;\">Al preparar en el a\u00f1o 2005 el XXV aniversario de la consagraci\u00f3n del Templo, se plantea el organizar, de manera extraordinaria, la salida procesional de Ntra. Sra. de la Misericordia. Ante esta proposici\u00f3n, el P\u00e1rroco, D. Mois\u00e9s L\u00f3pez decide realizar una votaci\u00f3n para ver si esta tiene el respaldo de la feligres\u00eda, como as\u00ed sucedi\u00f3, suponiendo para el Grupo Parroquial, no solo su puesta de largo, sino el reconocimiento por parte de los feligreses de la labor ya iniciada. Ya en el 2006, la Parroquia se hace con un templete y se organiza la salida del Stmo. Sacramento en un paso procesional, constituy\u00e9ndose adem\u00e1s en el grupo, una Junta que sea capaz de tomar las decisiones relativas a su responsabilidad y un censo que respalde a dicha Junta. Al siguiente a\u00f1o, la Sant\u00edsima Virgen realiza su salida procesional anualmente en el mes de octubre.<\/p>\n<p style=\"text-align: justify;\">La llegada del a\u00f1o 2010, coincidiendo con el XXV aniversario de la bendici\u00f3n del Stmo. Cristo de la Paz y el XXX aniversario de la bendici\u00f3n del templo, hace que el Grupo de religiosidad popular Paz y Misericordia organice, de manera extraordinaria, la salida procesional del Stmo. Cristo y de su bendita madre por las calles de la feligres\u00eda en el mes de octubre, realiz\u00e1ndose de forma anual a partir del 2012 durante la cuaresma, el s\u00e1bado anterior al preg\u00f3n. La organizaci\u00f3n de esta procesi\u00f3n confirma que el grupo est\u00e1 preparado y maduro, desarrollando adem\u00e1s dentro de la Parroquia una gran vida, al coexistir dentro de este, todos los grupos parroquiales.<\/p>\n<p style=\"text-align: justify;\">El 7 de noviembre de 2011, este grupo solicit\u00f3, de manera formal, en el Palacio Arzobispal su cambio de estatus dentro de la Parroquia, firm\u00e1ndose el Decreto de AGRUPACI\u00d3N PARROQUIAL el 22 de mayo del a\u00f1o del se\u00f1or de 2018, d\u00eda de Santa Joaquina de Vedruna.<\/p>\n","protected":false},"excerpt":{"rendered":"<p>HISTORIA Este grupo, nace en el seno de la Parroquia de San Luis y San Fernando de Rochelambert, siendo este, [&hellip;]<\/p>\n","protected":false},"author":1,"featured_media":0,"parent":0,"menu_order":2,"comment_status":"closed","ping_status":"closed","template":"","meta":{"site-sidebar-layout":"default","site-content-layout":"","ast-site-content-layout":"default","site-content-style":"default","site-sidebar-style":"default","ast-global-header-display":"","ast-banner-title-visibility":"","ast-main-header-display":"","ast-hfb-above-header-display":"","ast-hfb-below-header-display":"","ast-hfb-mobile-header-display":"","site-post-title":"","ast-breadcrumbs-content":"","ast-featured-img":"","footer-sml-layout":"","ast-disable-related-posts":"","theme-transparent-header-meta":"","adv-header-id-meta":"","stick-header-meta":"","header-above-stick-meta":"","header-main-stick-meta":"","header-below-stick-meta":"","astra-migrate-meta-layouts":"default","ast-page-background-enabled":"default","ast-page-background-meta":{"desktop":{"background-color":"var(--ast-global-color-5)","background-image":"","background-repeat":"repeat","background-position":"center center","background-size":"auto","background-attachment":"scroll","background-type":"","background-media":"","overlay-type":"","overlay-color":"","overlay-opacity":"","overlay-gradient":""},"tablet":{"background-color":"","background-image":"","background-repeat":"repeat","background-position":"center center","background-size":"auto","background-attachment":"scroll","background-type":"","background-media":"","overlay-type":"","overlay-color":"","overlay-opacity":"","overlay-gradient":""},"mobile":{"background-color":"","background-image":"","background-repeat":"repeat","background-position":"center center","background-size":"auto","background-attachment":"scroll","background-type":"","background-media":"","overlay-type":"","overlay-color":"","overlay-opacity":"","overlay-gradient":""}},"ast-content-background-meta":{"desktop":{"background-color":"var(--ast-global-color-4)","background-image":"","background-repeat":"repeat","background-position":"center center","background-size":"auto","background-attachment":"scroll","background-type":"","background-media":"","overlay-type":"","overlay-color":"","overlay-opacity":"","overlay-gradient":""},"tablet":{"background-color":"var(--ast-global-color-4)","background-image":"","background-repeat":"repeat","background-position":"center center","background-size":"auto","background-attachment":"scroll","background-type":"","background-media":"","overlay-type":"","overlay-color":"","overlay-opacity":"","overlay-gradient":""},"mobile":{"background-color":"var(--ast-global-color-4)","background-image":"","background-repeat":"repeat","background-position":"center center","background-size":"auto","background-attachment":"scroll","background-type":"","background-media":"","overlay-type":"","overlay-color":"","overlay-opacity":"","overlay-gradient":""}},"_joinchat":[],"footnotes":""},"class_list":["post-26","page","type-page","status-publish","hentry"],"jetpack_sharing_enabled":true,"_links":{"self":[{"href":"https:\/\/pazymisericordia.com\/index.php\/wp-json\/wp\/v2\/pages\/26","targetHints":{"allow":["GET"]}}],"collection":[{"href":"https:\/\/pazymisericordia.com\/index.php\/wp-json\/wp\/v2\/pages"}],"about":[{"href":"https:\/\/pazymisericordia.com\/index.php\/wp-json\/wp\/v2\/types\/page"}],"author":[{"embeddable":true,"href":"https:\/\/pazymisericordia.com\/index.php\/wp-json\/wp\/v2\/users\/1"}],"replies":[{"embeddable":true,"href":"https:\/\/pazymisericordia.com\/index.php\/wp-json\/wp\/v2\/comments?post=26"}],"version-history":[{"count":5,"href":"https:\/\/pazymisericordia.com\/index.php\/wp-json\/wp\/v2\/pages\/26\/revisions"}],"predecessor-version":[{"id":57,"href":"https:\/\/pazymisericordia.com\/index.php\/wp-json\/wp\/v2\/pages\/26\/revisions\/57"}],"wp:attachment":[{"href":"https:\/\/pazymisericordia.com\/index.php\/wp-json\/wp\/v2\/media?parent=26"}],"curies":[{"name":"wp","href":"https:\/\/api.w.org\/{rel}","templated":true}]}}