{"id":80,"date":"2022-01-19T12:41:22","date_gmt":"2022-01-19T12:41:22","guid":{"rendered":"https:\/\/pazymisericordia.com\/?page_id=80"},"modified":"2026-02-04T10:56:14","modified_gmt":"2026-02-04T10:56:14","slug":"inicio","status":"publish","type":"page","link":"https:\/\/pazymisericordia.com\/","title":{"rendered":"Inicio"},"content":{"rendered":"\t\t<div data-elementor-type=\"wp-page\" data-elementor-id=\"80\" class=\"elementor elementor-80\" data-elementor-post-type=\"page\">\n\t\t\t\t<div class=\"elementor-element elementor-element-25206c90 e-flex e-con-boxed e-con e-parent\" data-id=\"25206c90\" data-element_type=\"container\" data-e-type=\"container\">\n\t\t\t\t\t<div class=\"e-con-inner\">\n\t\t\t\t<div class=\"elementor-element elementor-element-21bd6d76 elementor-widget elementor-widget-text-editor\" data-id=\"21bd6d76\" data-element_type=\"widget\" data-e-type=\"widget\" data-widget_type=\"text-editor.default\">\n\t\t\t\t\t\t\t\t\t<div class=\"hermandad-bienvenida nh182\">\n  <div class=\"paz-card\">\n    <p style=\"text-align: justify;\">\n      Bienvenidos a la p\u00e1gina web de la <strong>Agrupaci\u00f3n Parroquial Stmo. Cristo de la Paz, Ntra. Sra. de la Misericordia, San Luis y San Fernando<\/strong>.\n    <\/p>\n\n    <p style=\"text-align: justify;\">\n      Encuentre aqu\u00ed toda la informaci\u00f3n relacionada con nuestra Agrupaci\u00f3n y las \u00faltimas noticias en nuestra actividad cofrade y de cultos.\n      En esta p\u00e1gina web encontrar\u00e1 su <strong>Portal del Hermano<\/strong> donde poder estar al tanto de la \u00faltima hora de la Agrupaci\u00f3n.\n    <\/p>\n\n    <div class=\"paz-contactos\">\n      <a class=\"paz-btn paz-btn--wa\" href=\"https:\/\/wa.me\/34635386248\" target=\"_blank\" rel=\"noopener\">\n        WhatsApp: 635 386 248\n      <\/a>\n\n      <a class=\"paz-btn paz-btn--mail\" href=\"mailto:secretaria@pazymisericordia.com\">\n        secretaria@pazymisericordia.com\n      <\/a>\n    <\/div>\n\n    <div class=\"paz-link\">\n      <a href=\"https:\/\/pazymisericordia.com\/index.php\/2025\/03\/12\/recorrido-viernes-de-dolores-2025\/\" target=\"_blank\" rel=\"noopener\">\n        Ver: Recorrido Viernes de Dolores 2025\n      <\/a>\n    <\/div>\n  <\/div>\n<\/div>\n\n<style>\n  .hermandad-bienvenida.nh182{\n    font-family: \"Montserrat\", system-ui, -apple-system, Segoe UI, Roboto, Arial, sans-serif;\n    color:#001f3f;\n    padding:16px;\n  }\n\n  .hermandad-bienvenida.nh182 .paz-card{\n    max-width: 980px;\n    margin: 0 auto;\n    background: #ffffff;\n    border: 1px solid rgba(0,31,63,.10);\n    border-radius: 18px;\n    padding: 18px 18px 16px;\n    box-shadow: 0 10px 28px rgba(0,0,0,.06);\n  }\n\n  .hermandad-bienvenida.nh182 p{\n    margin: 0 0 14px 0;\n    line-height: 1.75;\n    font-size: 16px;\n  }\n\n  .hermandad-bienvenida.nh182 strong{\n    color:#556B2F;\n  }\n\n  .hermandad-bienvenida.nh182 .paz-contactos{\n    display:flex;\n    flex-wrap:wrap;\n    gap:10px;\n    margin-top: 8px;\n    margin-bottom: 10px;\n  }\n\n  .hermandad-bienvenida.nh182 .paz-btn{\n    display:inline-flex;\n    align-items:center;\n    justify-content:center;\n    gap:10px;\n    padding: 10px 14px;\n    border-radius: 14px;\n    text-decoration:none;\n    font-weight: 600;\n    font-size: 15px;\n    border: 1px solid rgba(0,31,63,.12);\n    transition: transform .12s ease, box-shadow .12s ease, background .12s ease;\n    box-shadow: 0 8px 18px rgba(0,0,0,.06);\n    background: rgba(0,31,63,.03);\n    color:#001f3f;\n  }\n\n  .hermandad-bienvenida.nh182 .paz-btn:hover{\n    transform: translateY(-1px);\n    box-shadow: 0 12px 22px rgba(0,0,0,.08);\n    background: rgba(0,31,63,.06);\n  }\n\n  .hermandad-bienvenida.nh182 .paz-btn--wa{\n    border-color: rgba(85,107,47,.30);\n  }\n\n  .hermandad-bienvenida.nh182 .paz-btn--wa::before{\n    content:\"\";\n    width: 10px;\n    height: 10px;\n    border-radius: 99px;\n    background: #556B2F;\n    box-shadow: 0 0 0 4px rgba(85,107,47,.15);\n  }\n\n  .hermandad-bienvenida.nh182 .paz-btn--mail{\n    border-color: rgba(0,31,63,.18);\n  }\n\n  .hermandad-bienvenida.nh182 .paz-link{\n    margin-top: 6px;\n    padding-top: 10px;\n    border-top: 1px dashed rgba(0,31,63,.18);\n  }\n\n  .hermandad-bienvenida.nh182 .paz-link a{\n    color:#001f3f;\n    text-decoration:none;\n    font-weight:600;\n  }\n\n  .hermandad-bienvenida.nh182 .paz-link a:hover{\n    text-decoration: underline;\n    color:#556B2F;\n  }\n<\/style>\n\t\t\t\t\t\t\t\t<\/div>\n\t\t\t\t\t<\/div>\n\t\t\t\t<\/div>\n\t\t<div class=\"elementor-element elementor-element-68e3ceb e-flex e-con-boxed e-con e-parent\" data-id=\"68e3ceb\" data-element_type=\"container\" data-e-type=\"container\">\n\t\t\t\t\t<div class=\"e-con-inner\">\n\t\t\t\t<div class=\"elementor-element elementor-element-ec14057 elementor-grid-3 elementor-grid-tablet-2 elementor-grid-mobile-1 elementor-posts--thumbnail-top elementor-widget elementor-widget-posts\" data-id=\"ec14057\" data-element_type=\"widget\" data-e-type=\"widget\" data-settings=\"{&quot;classic_columns&quot;:&quot;3&quot;,&quot;classic_columns_tablet&quot;:&quot;2&quot;,&quot;classic_columns_mobile&quot;:&quot;1&quot;,&quot;classic_row_gap&quot;:{&quot;unit&quot;:&quot;px&quot;,&quot;size&quot;:35,&quot;sizes&quot;:[]},&quot;classic_row_gap_tablet&quot;:{&quot;unit&quot;:&quot;px&quot;,&quot;size&quot;:&quot;&quot;,&quot;sizes&quot;:[]},&quot;classic_row_gap_mobile&quot;:{&quot;unit&quot;:&quot;px&quot;,&quot;size&quot;:&quot;&quot;,&quot;sizes&quot;:[]}}\" data-widget_type=\"posts.classic\">\n\t\t\t\t<div class=\"elementor-widget-container\">\n\t\t\t\t\t\t\t<div class=\"elementor-posts-container elementor-posts elementor-posts--skin-classic elementor-grid\" role=\"list\">\n\t\t\t\t<article class=\"elementor-post elementor-grid-item post-1699 post type-post status-publish format-standard has-post-thumbnail hentry category-uncategorized\" role=\"listitem\">\n\t\t\t\t<a class=\"elementor-post__thumbnail__link\" href=\"https:\/\/pazymisericordia.com\/index.php\/2025\/03\/12\/recorrido-viernes-de-dolores-2025\/\" tabindex=\"-1\" >\n\t\t\t<div class=\"elementor-post__thumbnail\"><img fetchpriority=\"high\" decoding=\"async\" width=\"300\" height=\"169\" src=\"https:\/\/pazymisericordia.com\/wp-content\/uploads\/2022\/10\/Agrupacion-parroquial-Paz-y-Misericordia-300x169.png\" class=\"attachment-medium size-medium wp-image-150\" alt=\"\" srcset=\"https:\/\/pazymisericordia.com\/wp-content\/uploads\/2022\/10\/Agrupacion-parroquial-Paz-y-Misericordia-300x169.png 300w, https:\/\/pazymisericordia.com\/wp-content\/uploads\/2022\/10\/Agrupacion-parroquial-Paz-y-Misericordia-1024x576.png 1024w, https:\/\/pazymisericordia.com\/wp-content\/uploads\/2022\/10\/Agrupacion-parroquial-Paz-y-Misericordia-768x432.png 768w, https:\/\/pazymisericordia.com\/wp-content\/uploads\/2022\/10\/Agrupacion-parroquial-Paz-y-Misericordia.png 1366w\" sizes=\"(max-width: 300px) 100vw, 300px\" \/><\/div>\n\t\t<\/a>\n\t\t\t\t<div class=\"elementor-post__text\">\n\t\t\t\t<h3 class=\"elementor-post__title\">\n\t\t\t<a href=\"https:\/\/pazymisericordia.com\/index.php\/2025\/03\/12\/recorrido-viernes-de-dolores-2025\/\" >\n\t\t\t\tRecorrido Viernes de Dolores 2025\t\t\t<\/a>\n\t\t<\/h3>\n\t\t\t\t<div class=\"elementor-post__meta-data\">\n\t\t\t\t\t<span class=\"elementor-post-date\">\n\t\t\tmarzo 12, 2025\t\t<\/span>\n\t\t\t\t<span class=\"elementor-post-avatar\">\n\t\t\tNo hay comentarios\t\t<\/span>\n\t\t\t\t<\/div>\n\t\t\t\t<div class=\"elementor-post__excerpt\">\n\t\t\t<p>El pr\u00f3ximo 11 de abril llega un nuevo Viernes de Dolores en el que nuestros titulares recorrer\u00e1n las calles de<\/p>\n\t\t<\/div>\n\t\t\n\t\t<a class=\"elementor-post__read-more\" href=\"https:\/\/pazymisericordia.com\/index.php\/2025\/03\/12\/recorrido-viernes-de-dolores-2025\/\" aria-label=\"Read more about Recorrido Viernes de Dolores 2025\" tabindex=\"-1\" >\n\t\t\tRead More \u00bb\t\t<\/a>\n\n\t\t\t\t<\/div>\n\t\t\t\t<\/article>\n\t\t\t\t<article class=\"elementor-post elementor-grid-item post-627 post type-post status-publish format-standard hentry category-uncategorized\" role=\"listitem\">\n\t\t\t\t<div class=\"elementor-post__text\">\n\t\t\t\t<h3 class=\"elementor-post__title\">\n\t\t\t<a href=\"https:\/\/pazymisericordia.com\/index.php\/2024\/03\/04\/viernes-de-dolores-2024-horarios-y-recorrido\/\" >\n\t\t\t\tViernes de Dolores 2024: Horarios y Recorrido\t\t\t<\/a>\n\t\t<\/h3>\n\t\t\t\t<div class=\"elementor-post__meta-data\">\n\t\t\t\t\t<span class=\"elementor-post-date\">\n\t\t\tmarzo 4, 2024\t\t<\/span>\n\t\t\t\t<span class=\"elementor-post-avatar\">\n\t\t\tNo hay comentarios\t\t<\/span>\n\t\t\t\t<\/div>\n\t\t\t\t<div class=\"elementor-post__excerpt\">\n\t\t\t<p>El pr\u00f3ximo 22 de marzo llega un nuevo Viernes de Dolores en el que nuestros titulares recorrer\u00e1n las calles de<\/p>\n\t\t<\/div>\n\t\t\n\t\t<a class=\"elementor-post__read-more\" href=\"https:\/\/pazymisericordia.com\/index.php\/2024\/03\/04\/viernes-de-dolores-2024-horarios-y-recorrido\/\" aria-label=\"Read more about Viernes de Dolores 2024: Horarios y Recorrido\" tabindex=\"-1\" >\n\t\t\tRead More \u00bb\t\t<\/a>\n\n\t\t\t\t<\/div>\n\t\t\t\t<\/article>\n\t\t\t\t<article class=\"elementor-post elementor-grid-item post-540 post type-post status-publish format-standard has-post-thumbnail hentry category-uncategorized\" role=\"listitem\">\n\t\t\t\t<a class=\"elementor-post__thumbnail__link\" href=\"https:\/\/pazymisericordia.com\/index.php\/2024\/01\/16\/salida-procesional-viernes-de-dolores-2024\/\" tabindex=\"-1\" >\n\t\t\t<div class=\"elementor-post__thumbnail\"><img decoding=\"async\" width=\"300\" height=\"200\" src=\"https:\/\/pazymisericordia.com\/wp-content\/uploads\/2023\/01\/IMG_5008-1-300x200.jpg\" class=\"attachment-medium size-medium wp-image-217\" alt=\"\" srcset=\"https:\/\/pazymisericordia.com\/wp-content\/uploads\/2023\/01\/IMG_5008-1-300x200.jpg 300w, https:\/\/pazymisericordia.com\/wp-content\/uploads\/2023\/01\/IMG_5008-1-1024x683.jpg 1024w, https:\/\/pazymisericordia.com\/wp-content\/uploads\/2023\/01\/IMG_5008-1-768x512.jpg 768w, https:\/\/pazymisericordia.com\/wp-content\/uploads\/2023\/01\/IMG_5008-1-1536x1024.jpg 1536w, https:\/\/pazymisericordia.com\/wp-content\/uploads\/2023\/01\/IMG_5008-1-2048x1365.jpg 2048w\" sizes=\"(max-width: 300px) 100vw, 300px\" \/><\/div>\n\t\t<\/a>\n\t\t\t\t<div class=\"elementor-post__text\">\n\t\t\t\t<h3 class=\"elementor-post__title\">\n\t\t\t<a href=\"https:\/\/pazymisericordia.com\/index.php\/2024\/01\/16\/salida-procesional-viernes-de-dolores-2024\/\" >\n\t\t\t\tSalida Procesional Viernes de Dolores 2024\t\t\t<\/a>\n\t\t<\/h3>\n\t\t\t\t<div class=\"elementor-post__meta-data\">\n\t\t\t\t\t<span class=\"elementor-post-date\">\n\t\t\tenero 16, 2024\t\t<\/span>\n\t\t\t\t<span class=\"elementor-post-avatar\">\n\t\t\tNo hay comentarios\t\t<\/span>\n\t\t\t\t<\/div>\n\t\t\t\t<div class=\"elementor-post__excerpt\">\n\t\t\t<p>&nbsp; Se informa a todos los hermanos y devotos de la relaci\u00f3n de donativos para poder participar en la procesi\u00f3n<\/p>\n\t\t<\/div>\n\t\t\n\t\t<a class=\"elementor-post__read-more\" href=\"https:\/\/pazymisericordia.com\/index.php\/2024\/01\/16\/salida-procesional-viernes-de-dolores-2024\/\" aria-label=\"Read more about Salida Procesional Viernes de Dolores 2024\" tabindex=\"-1\" >\n\t\t\tRead More \u00bb\t\t<\/a>\n\n\t\t\t\t<\/div>\n\t\t\t\t<\/article>\n\t\t\t\t<\/div>\n\t\t\n\t\t\t\t\t\t<\/div>\n\t\t\t\t<\/div>\n\t\t\t\t\t<\/div>\n\t\t\t\t<\/div>\n\t\t<div class=\"elementor-element elementor-element-0ca5566 e-flex e-con-boxed e-con e-parent\" data-id=\"0ca5566\" data-element_type=\"container\" data-e-type=\"container\">\n\t\t\t\t\t<div class=\"e-con-inner\">\n\t\t\t\t<div class=\"elementor-element elementor-element-373e68d elementor-shape-rounded elementor-grid-0 e-grid-align-center elementor-widget elementor-widget-social-icons\" data-id=\"373e68d\" data-element_type=\"widget\" data-e-type=\"widget\" data-widget_type=\"social-icons.default\">\n\t\t\t\t\t\t\t<div class=\"elementor-social-icons-wrapper elementor-grid\" role=\"list\">\n\t\t\t\t\t\t\t<span class=\"elementor-grid-item\" role=\"listitem\">\n\t\t\t\t\t<a class=\"elementor-icon elementor-social-icon elementor-social-icon-x-twitter elementor-repeater-item-050842f\" href=\"http:\/\/@pazmiseroch\" target=\"_blank\">\n\t\t\t\t\t\t<span class=\"elementor-screen-only\">X-twitter<\/span>\n\t\t\t\t\t\t<svg aria-hidden=\"true\" class=\"e-font-icon-svg e-fab-x-twitter\" viewBox=\"0 0 512 512\" xmlns=\"http:\/\/www.w3.org\/2000\/svg\"><path d=\"M389.2 48h70.6L305.6 224.2 487 464H345L233.7 318.6 106.5 464H35.8L200.7 275.5 26.8 48H172.4L272.9 180.9 389.2 48zM364.4 421.8h39.1L151.1 88h-42L364.4 421.8z\"><\/path><\/svg>\t\t\t\t\t<\/a>\n\t\t\t\t<\/span>\n\t\t\t\t\t\t\t<span class=\"elementor-grid-item\" role=\"listitem\">\n\t\t\t\t\t<a class=\"elementor-icon elementor-social-icon elementor-social-icon-instagram elementor-repeater-item-c0bb246\" href=\"https:\/\/www.instagram.com\/appazymisericordia\/?hl=es\" target=\"_blank\">\n\t\t\t\t\t\t<span class=\"elementor-screen-only\">Instagram<\/span>\n\t\t\t\t\t\t<svg aria-hidden=\"true\" class=\"e-font-icon-svg e-fab-instagram\" viewBox=\"0 0 448 512\" xmlns=\"http:\/\/www.w3.org\/2000\/svg\"><path d=\"M224.1 141c-63.6 0-114.9 51.3-114.9 114.9s51.3 114.9 114.9 114.9S339 319.5 339 255.9 287.7 141 224.1 141zm0 189.6c-41.1 0-74.7-33.5-74.7-74.7s33.5-74.7 74.7-74.7 74.7 33.5 74.7 74.7-33.6 74.7-74.7 74.7zm146.4-194.3c0 14.9-12 26.8-26.8 26.8-14.9 0-26.8-12-26.8-26.8s12-26.8 26.8-26.8 26.8 12 26.8 26.8zm76.1 27.2c-1.7-35.9-9.9-67.7-36.2-93.9-26.2-26.2-58-34.4-93.9-36.2-37-2.1-147.9-2.1-184.9 0-35.8 1.7-67.6 9.9-93.9 36.1s-34.4 58-36.2 93.9c-2.1 37-2.1 147.9 0 184.9 1.7 35.9 9.9 67.7 36.2 93.9s58 34.4 93.9 36.2c37 2.1 147.9 2.1 184.9 0 35.9-1.7 67.7-9.9 93.9-36.2 26.2-26.2 34.4-58 36.2-93.9 2.1-37 2.1-147.8 0-184.8zM398.8 388c-7.8 19.6-22.9 34.7-42.6 42.6-29.5 11.7-99.5 9-132.1 9s-102.7 2.6-132.1-9c-19.6-7.8-34.7-22.9-42.6-42.6-11.7-29.5-9-99.5-9-132.1s-2.6-102.7 9-132.1c7.8-19.6 22.9-34.7 42.6-42.6 29.5-11.7 99.5-9 132.1-9s102.7-2.6 132.1 9c19.6 7.8 34.7 22.9 42.6 42.6 11.7 29.5 9 99.5 9 132.1s2.7 102.7-9 132.1z\"><\/path><\/svg>\t\t\t\t\t<\/a>\n\t\t\t\t<\/span>\n\t\t\t\t\t\t\t<span class=\"elementor-grid-item\" role=\"listitem\">\n\t\t\t\t\t<a class=\"elementor-icon elementor-social-icon elementor-social-icon-facebook elementor-repeater-item-c00a4b3\" href=\"https:\/\/www.facebook.com\/appazymisericordia\" target=\"_blank\">\n\t\t\t\t\t\t<span class=\"elementor-screen-only\">Facebook<\/span>\n\t\t\t\t\t\t<svg aria-hidden=\"true\" class=\"e-font-icon-svg e-fab-facebook\" viewBox=\"0 0 512 512\" xmlns=\"http:\/\/www.w3.org\/2000\/svg\"><path d=\"M504 256C504 119 393 8 256 8S8 119 8 256c0 123.78 90.69 226.38 209.25 245V327.69h-63V256h63v-54.64c0-62.15 37-96.48 93.67-96.48 27.14 0 55.52 4.84 55.52 4.84v61h-31.28c-30.8 0-40.41 19.12-40.41 38.73V256h68.78l-11 71.69h-57.78V501C413.31 482.38 504 379.78 504 256z\"><\/path><\/svg>\t\t\t\t\t<\/a>\n\t\t\t\t<\/span>\n\t\t\t\t\t\t\t<span class=\"elementor-grid-item\" role=\"listitem\">\n\t\t\t\t\t<a class=\"elementor-icon elementor-social-icon elementor-social-icon-whatsapp elementor-repeater-item-cbd3888\" href=\"https:\/\/whatsapp.com\/channel\/0029VbCHu4PHAdNWtPJvOp1U\" target=\"_blank\">\n\t\t\t\t\t\t<span class=\"elementor-screen-only\">Whatsapp<\/span>\n\t\t\t\t\t\t<svg aria-hidden=\"true\" class=\"e-font-icon-svg e-fab-whatsapp\" viewBox=\"0 0 448 512\" xmlns=\"http:\/\/www.w3.org\/2000\/svg\"><path d=\"M380.9 97.1C339 55.1 283.2 32 223.9 32c-122.4 0-222 99.6-222 222 0 39.1 10.2 77.3 29.6 111L0 480l117.7-30.9c32.4 17.7 68.9 27 106.1 27h.1c122.3 0 224.1-99.6 224.1-222 0-59.3-25.2-115-67.1-157zm-157 341.6c-33.2 0-65.7-8.9-94-25.7l-6.7-4-69.8 18.3L72 359.2l-4.4-7c-18.5-29.4-28.2-63.3-28.2-98.2 0-101.7 82.8-184.5 184.6-184.5 49.3 0 95.6 19.2 130.4 54.1 34.8 34.9 56.2 81.2 56.1 130.5 0 101.8-84.9 184.6-186.6 184.6zm101.2-138.2c-5.5-2.8-32.8-16.2-37.9-18-5.1-1.9-8.8-2.8-12.5 2.8-3.7 5.6-14.3 18-17.6 21.8-3.2 3.7-6.5 4.2-12 1.4-32.6-16.3-54-29.1-75.5-66-5.7-9.8 5.7-9.1 16.3-30.3 1.8-3.7.9-6.9-.5-9.7-1.4-2.8-12.5-30.1-17.1-41.2-4.5-10.8-9.1-9.3-12.5-9.5-3.2-.2-6.9-.2-10.6-.2-3.7 0-9.7 1.4-14.8 6.9-5.1 5.6-19.4 19-19.4 46.3 0 27.3 19.9 53.7 22.6 57.4 2.8 3.7 39.1 59.7 94.8 83.8 35.2 15.2 49 16.5 66.6 13.9 10.7-1.6 32.8-13.4 37.4-26.4 4.6-13 4.6-24.1 3.2-26.4-1.3-2.5-5-3.9-10.5-6.6z\"><\/path><\/svg>\t\t\t\t\t<\/a>\n\t\t\t\t<\/span>\n\t\t\t\t\t<\/div>\n\t\t\t\t\t\t<\/div>\n\t\t\t\t\t<\/div>\n\t\t\t\t<\/div>\n\t\t\t\t<\/div>\n\t\t","protected":false},"excerpt":{"rendered":"<p>Bienvenidos a la p\u00e1gina web de la Agrupaci\u00f3n Parroquial Stmo. Cristo de la Paz, Ntra. Sra. de la Misericordia, San [&hellip;]<\/p>\n","protected":false},"author":2,"featured_media":150,"parent":0,"menu_order":1,"comment_status":"closed","ping_status":"closed","template":"","meta":{"site-sidebar-layout":"default","site-content-layout":"","ast-site-content-layout":"default","site-content-style":"default","site-sidebar-style":"default","ast-global-header-display":"","ast-banner-title-visibility":"","ast-main-header-display":"","ast-hfb-above-header-display":"","ast-hfb-below-header-display":"","ast-hfb-mobile-header-display":"","site-post-title":"","ast-breadcrumbs-content":"","ast-featured-img":"","footer-sml-layout":"","ast-disable-related-posts":"","theme-transparent-header-meta":"","adv-header-id-meta":"","stick-header-meta":"","header-above-stick-meta":"","header-main-stick-meta":"","header-below-stick-meta":"","astra-migrate-meta-layouts":"default","ast-page-background-enabled":"default","ast-page-background-meta":{"desktop":{"background-color":"var(--ast-global-color-5)","background-image":"","background-repeat":"repeat","background-position":"center center","background-size":"auto","background-attachment":"scroll","background-type":"","background-media":"","overlay-type":"","overlay-color":"","overlay-opacity":"","overlay-gradient":""},"tablet":{"background-color":"","background-image":"","background-repeat":"repeat","background-position":"center center","background-size":"auto","background-attachment":"scroll","background-type":"","background-media":"","overlay-type":"","overlay-color":"","overlay-opacity":"","overlay-gradient":""},"mobile":{"background-color":"","background-image":"","background-repeat":"repeat","background-position":"center center","background-size":"auto","background-attachment":"scroll","background-type":"","background-media":"","overlay-type":"","overlay-color":"","overlay-opacity":"","overlay-gradient":""}},"ast-content-background-meta":{"desktop":{"background-color":"var(--ast-global-color-4)","background-image":"","background-repeat":"repeat","background-position":"center center","background-size":"auto","background-attachment":"scroll","background-type":"","background-media":"","overlay-type":"","overlay-color":"","overlay-opacity":"","overlay-gradient":""},"tablet":{"background-color":"var(--ast-global-color-4)","background-image":"","background-repeat":"repeat","background-position":"center center","background-size":"auto","background-attachment":"scroll","background-type":"","background-media":"","overlay-type":"","overlay-color":"","overlay-opacity":"","overlay-gradient":""},"mobile":{"background-color":"var(--ast-global-color-4)","background-image":"","background-repeat":"repeat","background-position":"center center","background-size":"auto","background-attachment":"scroll","background-type":"","background-media":"","overlay-type":"","overlay-color":"","overlay-opacity":"","overlay-gradient":""}},"_joinchat":[],"footnotes":""},"class_list":["post-80","page","type-page","status-publish","has-post-thumbnail","hentry"],"jetpack_sharing_enabled":true,"_links":{"self":[{"href":"https:\/\/pazymisericordia.com\/index.php\/wp-json\/wp\/v2\/pages\/80","targetHints":{"allow":["GET"]}}],"collection":[{"href":"https:\/\/pazymisericordia.com\/index.php\/wp-json\/wp\/v2\/pages"}],"about":[{"href":"https:\/\/pazymisericordia.com\/index.php\/wp-json\/wp\/v2\/types\/page"}],"author":[{"embeddable":true,"href":"https:\/\/pazymisericordia.com\/index.php\/wp-json\/wp\/v2\/users\/2"}],"replies":[{"embeddable":true,"href":"https:\/\/pazymisericordia.com\/index.php\/wp-json\/wp\/v2\/comments?post=80"}],"version-history":[{"count":15,"href":"https:\/\/pazymisericordia.com\/index.php\/wp-json\/wp\/v2\/pages\/80\/revisions"}],"predecessor-version":[{"id":2540,"href":"https:\/\/pazymisericordia.com\/index.php\/wp-json\/wp\/v2\/pages\/80\/revisions\/2540"}],"wp:featuredmedia":[{"embeddable":true,"href":"https:\/\/pazymisericordia.com\/index.php\/wp-json\/wp\/v2\/media\/150"}],"wp:attachment":[{"href":"https:\/\/pazymisericordia.com\/index.php\/wp-json\/wp\/v2\/media?parent=80"}],"curies":[{"name":"wp","href":"https:\/\/api.w.org\/{rel}","templated":true}]}}